{"id":8,"date":"2013-05-13T10:56:47","date_gmt":"2013-05-13T15:56:47","guid":{"rendered":"http:\/\/seodisenoweb.com\/correocaribe\/?page_id=8"},"modified":"2013-07-29T01:55:14","modified_gmt":"2013-07-29T06:55:14","slug":"quienes-somos","status":"publish","type":"page","link":"http:\/\/seodisenoweb.com\/publicidaddirectacorreoelectronico\/quienes-somos\/","title":{"rendered":"Quienes Somos"},"content":{"rendered":"<p>Nuestro objetivo es proveer a nuestros clientes una eficaz herramienta publicitaria que\u00a0<strong>promueva tus productos y\/o servicios e incremente tus ventas de manera r\u00e1pida, directa y econ\u00f3mica<\/strong>mediante el env\u00edo masivo de publicidad v\u00eda correo electr\u00f3nico.<br \/>\nTe ofrecemos posicionar tu empresa en la mira de\u00a0<strong>miles de clientes potenciales<\/strong>.<\/p>\n<p>Actualmente contamos con una\u00a0<strong>base de datos confiable<\/strong>\u00a0y segura de usuarios que viven o trabajan en el \u00e1rea\u00a0<strong>de tu localidad y sus alrededores<\/strong>, as\u00ed como ciudades importantes de la Rep\u00fablica mexicana.<\/p>\n","protected":false},"excerpt":{"rendered":"<p>Nuestro objetivo es proveer a nuestros clientes una eficaz herramienta publicitaria que\u00a0promueva tus productos y\/o servicios e incremente tus ventas de manera r\u00e1pida, directa y econ\u00f3micamediante el env\u00edo masivo de publicidad v\u00eda correo electr\u00f3nico. Te ofrecemos posicionar tu empresa en la mira de\u00a0miles de clientes potenciales. Actualmente contamos con una\u00a0base de datos confiable\u00a0y segura de [&hellip;]<\/p>\n","protected":false},"author":1,"featured_media":0,"parent":0,"menu_order":0,"comment_status":"closed","ping_status":"open","template":"","meta":{"ngg_post_thumbnail":0,"footnotes":""},"class_list":["post-8","page","type-page","status-publish","hentry"],"aioseo_notices":[],"_links":{"self":[{"href":"http:\/\/seodisenoweb.com\/publicidaddirectacorreoelectronico\/wp-json\/wp\/v2\/pages\/8","targetHints":{"allow":["GET"]}}],"collection":[{"href":"http:\/\/seodisenoweb.com\/publicidaddirectacorreoelectronico\/wp-json\/wp\/v2\/pages"}],"about":[{"href":"http:\/\/seodisenoweb.com\/publicidaddirectacorreoelectronico\/wp-json\/wp\/v2\/types\/page"}],"author":[{"embeddable":true,"href":"http:\/\/seodisenoweb.com\/publicidaddirectacorreoelectronico\/wp-json\/wp\/v2\/users\/1"}],"replies":[{"embeddable":true,"href":"http:\/\/seodisenoweb.com\/publicidaddirectacorreoelectronico\/wp-json\/wp\/v2\/comments?post=8"}],"version-history":[{"count":2,"href":"http:\/\/seodisenoweb.com\/publicidaddirectacorreoelectronico\/wp-json\/wp\/v2\/pages\/8\/revisions"}],"predecessor-version":[{"id":188,"href":"http:\/\/seodisenoweb.com\/publicidaddirectacorreoelectronico\/wp-json\/wp\/v2\/pages\/8\/revisions\/188"}],"wp:attachment":[{"href":"http:\/\/seodisenoweb.com\/publicidaddirectacorreoelectronico\/wp-json\/wp\/v2\/media?parent=8"}],"curies":[{"name":"wp","href":"https:\/\/api.w.org\/{rel}","templated":true}]}}