{"id":28,"date":"2013-05-16T10:07:19","date_gmt":"2013-05-16T15:07:19","guid":{"rendered":"http:\/\/seodisenoweb.com\/correocaribe\/?page_id=28"},"modified":"2022-11-22T12:43:52","modified_gmt":"2022-11-22T18:43:52","slug":"como-funciona","status":"publish","type":"page","link":"http:\/\/seodisenoweb.com\/publicidaddirectacorreoelectronico\/como-funciona\/","title":{"rendered":"Informaci\u00f3n"},"content":{"rendered":"\t\t<div data-elementor-type=\"wp-page\" data-elementor-id=\"28\" class=\"elementor elementor-28\">\n\t\t\t\t\t\t<section class=\"elementor-section elementor-top-section elementor-element elementor-element-7c058232 elementor-section-boxed elementor-section-height-default elementor-section-height-default\" data-id=\"7c058232\" data-element_type=\"section\">\n\t\t\t\t\t\t<div class=\"elementor-container elementor-column-gap-default\">\n\t\t\t\t\t<div class=\"elementor-column elementor-col-100 elementor-top-column elementor-element elementor-element-414e2a47\" data-id=\"414e2a47\" data-element_type=\"column\">\n\t\t\t<div class=\"elementor-widget-wrap elementor-element-populated\">\n\t\t\t\t\t\t<div class=\"elementor-element elementor-element-6fb7e1e0 elementor-widget elementor-widget-text-editor\" data-id=\"6fb7e1e0\" data-element_type=\"widget\" data-widget_type=\"text-editor.default\">\n\t\t\t\t<div class=\"elementor-widget-container\">\n\t\t\t\t\t\t\t\t\t<p style=\"text-align: justify;\">Es un gusto saludarle y poner a sus \u00f3rdenes nuestras <strong>campa\u00f1as de alto impacto<\/strong>.<\/p>\r\n<p style=\"text-align: justify;\">Tenemos m\u00e1s de 6 a\u00f1os de experiencia ofreciendo servicio de <strong>publicidad directa v\u00eda correo electr\u00f3nico (E- Mail Marketing)<\/strong>.<\/p>\r\n<p style=\"text-align: justify;\">Nuestro principal objetivo es ofrecer a nuestros clientes una poderosa herramienta publicitaria para promocionar sus productos a trav\u00e9s de correo electr\u00f3nico y con esto incrementar significativamente sus ventas, generar visitas en su sitio Web y proyectar su negocio a millones de clientes potenciales.<\/p>\r\n<p style=\"text-align: justify;\">Nuestro servicio consta en generarle un <strong><i>flyer<\/i> electr\u00f3nico<\/strong> con la informaci\u00f3n (beneficios, precios, promociones, ubicaci\u00f3n, etc.) de sus productos o servicios y enviarlo directamente a la bandeja de correo electr\u00f3nico de sus clientes potenciales.<\/p>\r\n<b>Ejemplos de <i>flyer<\/i> electr\u00f3nico:<\/b>\r\n\r\nngg_shortcode_0_placeholder\r\n\r\n<b>Informaci\u00f3n de nuestras Campa\u00f1as de alto impacto:<\/b>\r\n<p style=\"text-align: justify;\">Nuestras campa\u00f1as est\u00e1n dirigidas en un mayor porcentaje (85%) a correos empresariales, ya que con esto garantizamos impactar a personas laboralmente activas (empresarios, directores, gerentes, encargados de compras, ventas, supervisores, administrativos, etc.), y, a su vez, aseguramos que sean personas con poder adquisitivo.<\/p>\r\n<p style=\"text-align: justify;\">Lo que hace muy efectivas nuestras campa\u00f1as es que a las personas que impactamos pueden consumir sus productos para su empresa o bien de manera personal.<\/p>\r\nLas campa\u00f1as que ofrecemos son:\r\n<ul>\r\n\t<li>Nacionales<\/li>\r\n\t<li>Nuevo Le\u00f3n<\/li>\r\n\t<li>Distrito Federal<\/li>\r\n\t<li>Guadalajara<\/li>\r\n\t<li>Canc\u00fan.<\/li>\r\n<\/ul>\r\n<b>Campa\u00f1as y Precios<\/b>: <span style=\"color: #ff0000;\"><strong><a title=\"Ver Campa\u00f1as y Precios\" href=\"promociones\"><span style=\"color: #ff0000;\">Ver Campa\u00f1as y Precios Click Aqu\u00ed<\/span><\/a><\/strong><\/span>\r\n\r\n<b>Proceso de contrataci\u00f3n servicio Publicidad Directa via Correo Electr\u00f3nico<\/b>:\r\n<ul>\r\n\t<li>Se le env\u00eda la factura electr\u00f3nica y datos bancarios.<\/li>\r\n\t<li>Le solicitamos un anticipo del 50% de la campa\u00f1a al contratar para realizar el dise\u00f1o y agendar su campa\u00f1a.<\/li>\r\n\t<li>Recopilamos los elementos para realizar el dise\u00f1o del <i>flyer<\/i> (logo, fotos, informaci\u00f3n, etc.) haci\u00e9ndole llegar un formato indicando los elementos necesarios.<\/li>\r\n\t<li>Se inicia el proceso de dise\u00f1o, el cual toma de 2 a 3 d\u00edas h\u00e1biles.<\/li>\r\n\t<li>Una vez que usted autorice el dise\u00f1o le pedimos que liquide el 50% restante para comenzar su campa\u00f1a.<\/li>\r\n<\/ul>\r\nQuedamos a sus \u00f3rdenes para cualquier duda o aclaraci\u00f3n.\t\t\t\t\t\t\t\t<\/div>\n\t\t\t\t<\/div>\n\t\t\t\t\t<\/div>\n\t\t<\/div>\n\t\t\t\t\t<\/div>\n\t\t<\/section>\n\t\t\t\t<section class=\"elementor-section elementor-top-section elementor-element elementor-element-1daab697 elementor-section-boxed elementor-section-height-default elementor-section-height-default\" data-id=\"1daab697\" data-element_type=\"section\" data-settings=\"{&quot;background_background&quot;:&quot;classic&quot;}\">\n\t\t\t\t\t\t\t<div class=\"elementor-background-overlay\"><\/div>\n\t\t\t\t\t\t\t<div class=\"elementor-container elementor-column-gap-default\">\n\t\t\t\t\t<div class=\"elementor-column elementor-col-100 elementor-top-column elementor-element elementor-element-3188d06\" data-id=\"3188d06\" data-element_type=\"column\">\n\t\t\t<div class=\"elementor-widget-wrap elementor-element-populated\">\n\t\t\t\t\t\t<div class=\"elementor-element elementor-element-7c37f25c elementor-widget elementor-widget-text-editor\" data-id=\"7c37f25c\" data-element_type=\"widget\" data-widget_type=\"text-editor.default\">\n\t\t\t\t<div class=\"elementor-widget-container\">\n\t\t\t\t\t\t\t\t\t<div class=\"alignleft\"><strong><a title=\"SEO y Dise\u00f1o Web\" href=\"https:\/\/seodisenoweb.com\/\"><span style=\"color: #0000ff;\">SEO y Dise\u00f1o Web<\/span><\/a> <\/strong>Copyright \u00a9 2006 &#8211; 2022 Todos los Derechos Reservados<\/div><div class=\"alignright\">Dise\u00f1ado por <span style=\"color: #0000ff;\"><a style=\"color: #0000ff;\" href=\"https:\/\/seodisenoweb.com\"><strong>SEO y Dise\u00f1o Web<\/strong><\/a><\/span><\/div>\t\t\t\t\t\t\t\t<\/div>\n\t\t\t\t<\/div>\n\t\t\t\t\t<\/div>\n\t\t<\/div>\n\t\t\t\t\t<\/div>\n\t\t<\/section>\n\t\t\t\t<\/div>\n\t\t","protected":false},"excerpt":{"rendered":"<p>Es un gusto saludarle y poner a sus \u00f3rdenes nuestras campa\u00f1as de alto impacto. Tenemos m\u00e1s de 6 a\u00f1os de experiencia ofreciendo servicio de publicidad directa v\u00eda correo electr\u00f3nico (E- Mail Marketing). Nuestro principal objetivo es ofrecer a nuestros clientes una poderosa herramienta publicitaria para promocionar sus productos a trav\u00e9s de correo electr\u00f3nico y con [&hellip;]<\/p>\n","protected":false},"author":1,"featured_media":0,"parent":0,"menu_order":0,"comment_status":"closed","ping_status":"open","template":"","meta":{"ngg_post_thumbnail":0,"footnotes":""},"class_list":["post-28","page","type-page","status-publish","hentry"],"aioseo_notices":[],"_links":{"self":[{"href":"http:\/\/seodisenoweb.com\/publicidaddirectacorreoelectronico\/wp-json\/wp\/v2\/pages\/28","targetHints":{"allow":["GET"]}}],"collection":[{"href":"http:\/\/seodisenoweb.com\/publicidaddirectacorreoelectronico\/wp-json\/wp\/v2\/pages"}],"about":[{"href":"http:\/\/seodisenoweb.com\/publicidaddirectacorreoelectronico\/wp-json\/wp\/v2\/types\/page"}],"author":[{"embeddable":true,"href":"http:\/\/seodisenoweb.com\/publicidaddirectacorreoelectronico\/wp-json\/wp\/v2\/users\/1"}],"replies":[{"embeddable":true,"href":"http:\/\/seodisenoweb.com\/publicidaddirectacorreoelectronico\/wp-json\/wp\/v2\/comments?post=28"}],"version-history":[{"count":40,"href":"http:\/\/seodisenoweb.com\/publicidaddirectacorreoelectronico\/wp-json\/wp\/v2\/pages\/28\/revisions"}],"predecessor-version":[{"id":495,"href":"http:\/\/seodisenoweb.com\/publicidaddirectacorreoelectronico\/wp-json\/wp\/v2\/pages\/28\/revisions\/495"}],"wp:attachment":[{"href":"http:\/\/seodisenoweb.com\/publicidaddirectacorreoelectronico\/wp-json\/wp\/v2\/media?parent=28"}],"curies":[{"name":"wp","href":"https:\/\/api.w.org\/{rel}","templated":true}]}}