{"id":10,"date":"2013-05-13T11:00:32","date_gmt":"2013-05-13T16:00:32","guid":{"rendered":"http:\/\/seodisenoweb.com\/correocaribe\/?page_id=10"},"modified":"2022-11-22T12:46:13","modified_gmt":"2022-11-22T18:46:13","slug":"campanas-precios","status":"publish","type":"page","link":"http:\/\/seodisenoweb.com\/publicidaddirectacorreoelectronico\/campanas-precios\/","title":{"rendered":"Campa\u00f1as y Precios"},"content":{"rendered":"\t\t<div data-elementor-type=\"wp-page\" data-elementor-id=\"10\" class=\"elementor elementor-10\">\n\t\t\t\t\t\t<section class=\"elementor-section elementor-top-section elementor-element elementor-element-6e6453be elementor-section-boxed elementor-section-height-default elementor-section-height-default\" data-id=\"6e6453be\" data-element_type=\"section\">\n\t\t\t\t\t\t<div class=\"elementor-container elementor-column-gap-default\">\n\t\t\t\t\t<div class=\"elementor-column elementor-col-100 elementor-top-column elementor-element elementor-element-3e648697\" data-id=\"3e648697\" data-element_type=\"column\">\n\t\t\t<div class=\"elementor-widget-wrap elementor-element-populated\">\n\t\t\t\t\t\t<div class=\"elementor-element elementor-element-333a6ac7 elementor-widget elementor-widget-text-editor\" data-id=\"333a6ac7\" data-element_type=\"widget\" data-widget_type=\"text-editor.default\">\n\t\t\t\t<div class=\"elementor-widget-container\">\n\t\t\t\t\t\t\t\t\t<div class=\"content-left\">\n<div class=\"campanas\">\n<h3>Campa\u00f1a Nacional800,000 Correos Nacionales<\/h3>\n<ul>\n \t<li style=\"list-style-type: none;\">\n<ul>\n \t<li>Campa\u00f1a por 4 semanas.<\/li>\n \t<li>Env\u00edo de 200,000 e-mails por semana.<\/li>\n \t<li>Dise\u00f1o creativo<\/li>\n \t<li>Creaci\u00f3n de HTML (necesario para el env\u00edo)<\/li>\n \t<li>Administraci\u00f3n de la campa\u00f1a<\/li>\n \t<li>Entrega de Reporte estad\u00edstico de cada env\u00edo<\/li>\n \t<li>Asesor\u00eda para env\u00edos.<\/li>\n<\/ul>\n<\/li>\n<\/ul>\n<div class=\"alignright\"><span style=\"font-size: 14px;\"><a href=\"promociones\"><span style=\"color: #0101df;\"><strong>Ver Precios <\/strong><\/span><\/a><\/span><\/div>\n<\/div>\n<div class=\"campanas\">\n<h3>Campa\u00f1a Nuevo Le\u00f3n800,000 Correos Nuevo Le\u00f3n<\/h3>\n<ul>\n \t<li style=\"list-style-type: none;\">\n<ul>\n \t<li>Campa\u00f1a por 4 semanas.<\/li>\n \t<li>Env\u00edo de 200,000 e-mails por semana.<\/li>\n \t<li>Dise\u00f1o creativo<\/li>\n \t<li>Creaci\u00f3n de HTML (necesario para el env\u00edo)<\/li>\n \t<li>Administraci\u00f3n de la campa\u00f1a<\/li>\n \t<li>Entrega de Reporte estad\u00edstico de cada env\u00edo<\/li>\n \t<li>Asesor\u00eda para env\u00edos.<\/li>\n<\/ul>\n<\/li>\n<\/ul>\n<div class=\"alignright\"><span style=\"font-size: 14px;\"><a href=\"promociones\"><span style=\"color: #0101df;\"><strong>Ver Precios<\/strong><\/span><\/a><\/span><\/div>\n<\/div>\n<div class=\"campanas\">\n<h3>Campa\u00f1a M\u00e9xico D.F.800,000 Correos M\u00e9xico D.F.<\/h3>\n<ul>\n \t<li style=\"list-style-type: none;\">\n<ul>\n \t<li>Campa\u00f1a por 4 semanas.<\/li>\n \t<li>Env\u00edo de 200,000 e-mails por semana.<\/li>\n \t<li>Dise\u00f1o creativo<\/li>\n \t<li>Creaci\u00f3n de HTML (necesario para el env\u00edo)<\/li>\n \t<li>Administraci\u00f3n de la campa\u00f1a<\/li>\n \t<li>Entrega de Reporte estad\u00edstico de cada env\u00edo<\/li>\n \t<li>Asesor\u00eda para env\u00edos.<\/li>\n<\/ul>\n<\/li>\n<\/ul>\n<div class=\"alignright\"><span style=\"font-size: 14px;\"><a href=\"promociones\"><span style=\"color: #0101df;\"><strong>Ver Precios<\/strong><\/span><\/a><\/span><\/div>\n<\/div>\n<div class=\"campanas\">\n<h3>Campa\u00f1a Guadalajara400,000 Correos Guadalajara<\/h3>\n<ul>\n \t<li style=\"list-style-type: none;\">\n<ul>\n \t<li>Campa\u00f1a por 4 semanas.<\/li>\n \t<li>Env\u00edo de 100,000 e-mails por semana.<\/li>\n \t<li>Dise\u00f1o creativo<\/li>\n \t<li>Creaci\u00f3n de HTML (necesario para el env\u00edo)<\/li>\n \t<li>Administraci\u00f3n de la campa\u00f1a<\/li>\n \t<li>Entrega de Reporte estad\u00edstico de cada env\u00edo<\/li>\n \t<li>Asesor\u00eda para env\u00edos.<\/li>\n<\/ul>\n<\/li>\n<\/ul>\n<div class=\"alignright\"><span style=\"font-size: 14px;\"><a href=\"promociones\"><span style=\"color: #0101df;\"><strong>Ver Precios<\/strong><\/span><\/a><\/span><\/div>\n<\/div>\n<\/div>\n<div class=\"content-right\">\n<div class=\"campanas\">\n<h3>Campa\u00f1a Nacional400,000 Correos Nacionales<\/h3>\n<ul>\n \t<li style=\"list-style-type: none;\">\n<ul>\n \t<li>Campa\u00f1a por 4 semanas.<\/li>\n \t<li>Env\u00edo de 100,000 e-mails por semana.<\/li>\n \t<li>Dise\u00f1o creativo<\/li>\n \t<li>Creaci\u00f3n de HTML (necesario para el env\u00edo)<\/li>\n \t<li>Administraci\u00f3n de la campa\u00f1a<\/li>\n \t<li>Entrega de Reporte estad\u00edstico de cada env\u00edo<\/li>\n \t<li>Asesor\u00eda para env\u00edos.<\/li>\n<\/ul>\n<\/li>\n<\/ul>\n<div class=\"alignright\"><span style=\"font-size: 14px;\"><a href=\"promociones\"><span style=\"color: #0101df;\"><strong>Ver Precios<\/strong><\/span><\/a><\/span><\/div>\n<\/div>\n<div class=\"campanas\">\n<h3>Campa\u00f1a Nuevo Le\u00f3n400,000 Correos Nuevo Le\u00f3n<\/h3>\n<ul>\n \t<li style=\"list-style-type: none;\">\n<ul>\n \t<li>Campa\u00f1a por 4 semanas.<\/li>\n \t<li>Env\u00edo de 100,000 e-mails por semana.<\/li>\n \t<li>Dise\u00f1o creativo<\/li>\n \t<li>Creaci\u00f3n de HTML (necesario para el env\u00edo)<\/li>\n \t<li>Administraci\u00f3n de la campa\u00f1a<\/li>\n \t<li>Entrega de Reporte estad\u00edstico de cada env\u00edo<\/li>\n \t<li>Asesor\u00eda para env\u00edos.<\/li>\n<\/ul>\n<\/li>\n<\/ul>\n<div class=\"alignright\"><span style=\"font-size: 14px;\"><a href=\"promociones\"><span style=\"color: #0101df;\"><strong>Ver Precios<\/strong><\/span><\/a><\/span><\/div>\n<\/div>\n<div class=\"campanas\">\n<h3>Campa\u00f1a M\u00e9xico D.F.400,000 Correos M\u00e9xico D.F.<\/h3>\n<ul>\n \t<li style=\"list-style-type: none;\">\n<ul>\n \t<li>Campa\u00f1a por 4 semanas.<\/li>\n \t<li>Env\u00edo de 100,000 e-mails por semana.<\/li>\n \t<li>Dise\u00f1o creativo<\/li>\n \t<li>Creaci\u00f3n de HTML (necesario para el env\u00edo)<\/li>\n \t<li>Administraci\u00f3n de la campa\u00f1a<\/li>\n \t<li>Entrega de Reporte estad\u00edstico de cada env\u00edo<\/li>\n \t<li>Asesor\u00eda para env\u00edos.<\/li>\n<\/ul>\n<\/li>\n<\/ul>\n<div class=\"alignright\"><span style=\"font-size: 14px;\"><a href=\"promociones\"><span style=\"color: #0101df;\"><strong>Ver Precios<\/strong><\/span><\/a><\/span><\/div>\n<\/div>\n<div class=\"campanas\">\n<h3>Campa\u00f1a Canc\u00fan200,000 Correos Canc\u00fan<\/h3>\n<ul>\n \t<li style=\"list-style-type: none;\">\n<ul>\n \t<li>Campa\u00f1a por 4 semanas.<\/li>\n \t<li>Env\u00edo de 50,000 e-mails por semana.<\/li>\n \t<li>Dise\u00f1o creativo<\/li>\n \t<li>Creaci\u00f3n de HTML (necesario para el env\u00edo)<\/li>\n \t<li>Administraci\u00f3n de la campa\u00f1a<\/li>\n \t<li>Entrega de Reporte estad\u00edstico de cada env\u00edo<\/li>\n \t<li>Asesor\u00eda para env\u00edos.<\/li>\n<\/ul>\n<\/li>\n<\/ul>\n<div class=\"alignright\"><span style=\"font-size: 14px;\"><a href=\"promociones\"><span style=\"color: #0101df;\"><strong>Ver Precios<\/strong><\/span><\/a><\/span><\/div>\n<\/div>\n<\/div>\t\t\t\t\t\t\t\t<\/div>\n\t\t\t\t<\/div>\n\t\t\t\t\t<\/div>\n\t\t<\/div>\n\t\t\t\t\t<\/div>\n\t\t<\/section>\n\t\t\t\t<section class=\"elementor-section elementor-top-section elementor-element elementor-element-7c333e15 elementor-section-boxed elementor-section-height-default elementor-section-height-default\" data-id=\"7c333e15\" data-element_type=\"section\" data-settings=\"{&quot;background_background&quot;:&quot;classic&quot;}\">\n\t\t\t\t\t\t\t<div class=\"elementor-background-overlay\"><\/div>\n\t\t\t\t\t\t\t<div class=\"elementor-container elementor-column-gap-default\">\n\t\t\t\t\t<div class=\"elementor-column elementor-col-100 elementor-top-column elementor-element elementor-element-7c7aac15\" data-id=\"7c7aac15\" data-element_type=\"column\">\n\t\t\t<div class=\"elementor-widget-wrap elementor-element-populated\">\n\t\t\t\t\t\t<div class=\"elementor-element elementor-element-176ad91b elementor-widget elementor-widget-text-editor\" data-id=\"176ad91b\" data-element_type=\"widget\" data-widget_type=\"text-editor.default\">\n\t\t\t\t<div class=\"elementor-widget-container\">\n\t\t\t\t\t\t\t\t\t<div class=\"alignleft\"><strong><a title=\"SEO y Dise\u00f1o Web\" href=\"https:\/\/seodisenoweb.com\/\"><span style=\"color: #0000ff;\">SEO y Dise\u00f1o Web<\/span><\/a> <\/strong>Copyright \u00a9 2006 &#8211; 2022 Todos los Derechos Reservados<\/div><div class=\"alignright\">Dise\u00f1ado por <span style=\"color: #0000ff;\"><a style=\"color: #0000ff;\" href=\"https:\/\/seodisenoweb.com\"><strong>SEO y Dise\u00f1o Web<\/strong><\/a><\/span><\/div>\t\t\t\t\t\t\t\t<\/div>\n\t\t\t\t<\/div>\n\t\t\t\t\t<\/div>\n\t\t<\/div>\n\t\t\t\t\t<\/div>\n\t\t<\/section>\n\t\t\t\t<\/div>\n\t\t","protected":false},"excerpt":{"rendered":"<p>Campa\u00f1a Nacional800,000 Correos Nacionales Campa\u00f1a por 4 semanas. Env\u00edo de 200,000 e-mails por semana. Dise\u00f1o creativo Creaci\u00f3n de HTML (necesario para el env\u00edo) Administraci\u00f3n de la campa\u00f1a Entrega de Reporte estad\u00edstico de cada env\u00edo Asesor\u00eda para env\u00edos. Ver Precios Campa\u00f1a Nuevo Le\u00f3n800,000 Correos Nuevo Le\u00f3n Campa\u00f1a por 4 semanas. Env\u00edo de 200,000 e-mails por semana. [&hellip;]<\/p>\n","protected":false},"author":1,"featured_media":0,"parent":0,"menu_order":0,"comment_status":"closed","ping_status":"open","template":"","meta":{"ngg_post_thumbnail":0,"footnotes":""},"class_list":["post-10","page","type-page","status-publish","hentry"],"aioseo_notices":[],"_links":{"self":[{"href":"http:\/\/seodisenoweb.com\/publicidaddirectacorreoelectronico\/wp-json\/wp\/v2\/pages\/10","targetHints":{"allow":["GET"]}}],"collection":[{"href":"http:\/\/seodisenoweb.com\/publicidaddirectacorreoelectronico\/wp-json\/wp\/v2\/pages"}],"about":[{"href":"http:\/\/seodisenoweb.com\/publicidaddirectacorreoelectronico\/wp-json\/wp\/v2\/types\/page"}],"author":[{"embeddable":true,"href":"http:\/\/seodisenoweb.com\/publicidaddirectacorreoelectronico\/wp-json\/wp\/v2\/users\/1"}],"replies":[{"embeddable":true,"href":"http:\/\/seodisenoweb.com\/publicidaddirectacorreoelectronico\/wp-json\/wp\/v2\/comments?post=10"}],"version-history":[{"count":37,"href":"http:\/\/seodisenoweb.com\/publicidaddirectacorreoelectronico\/wp-json\/wp\/v2\/pages\/10\/revisions"}],"predecessor-version":[{"id":499,"href":"http:\/\/seodisenoweb.com\/publicidaddirectacorreoelectronico\/wp-json\/wp\/v2\/pages\/10\/revisions\/499"}],"wp:attachment":[{"href":"http:\/\/seodisenoweb.com\/publicidaddirectacorreoelectronico\/wp-json\/wp\/v2\/media?parent=10"}],"curies":[{"name":"wp","href":"https:\/\/api.w.org\/{rel}","templated":true}]}}